{"id":278,"date":"2024-02-27T22:16:23","date_gmt":"2024-02-27T22:16:23","guid":{"rendered":"https:\/\/www.bombastos.de\/?page_id=278"},"modified":"2024-04-16T17:45:44","modified_gmt":"2024-04-16T17:45:44","slug":"setup","status":"publish","type":"page","link":"https:\/\/bombastos.de\/?page_id=278","title":{"rendered":"setup"},"content":{"rendered":"\t\t<div data-elementor-type=\"wp-page\" data-elementor-id=\"278\" class=\"elementor elementor-278\" data-elementor-post-type=\"page\">\n\t\t\t\t<div class=\"elementor-element elementor-element-441b1c89 e-flex e-con-boxed e-con e-parent\" data-id=\"441b1c89\" data-element_type=\"container\">\n\t\t\t\t\t<div class=\"e-con-inner\">\n\t\t<div class=\"elementor-element elementor-element-10c5505d e-flex e-con-boxed e-con e-child\" data-id=\"10c5505d\" data-element_type=\"container\">\n\t\t\t\t\t<div class=\"e-con-inner\">\n\t\t<div class=\"elementor-element elementor-element-eb50343 e-con-full e-flex e-con e-child\" data-id=\"eb50343\" data-element_type=\"container\">\n\t\t\t\t<div class=\"elementor-element elementor-element-745abc8 elementor-widget__width-initial elementor-widget elementor-widget-image\" data-id=\"745abc8\" data-element_type=\"widget\" data-widget_type=\"image.default\">\n\t\t\t\t<div class=\"elementor-widget-container\">\n\t\t\t\t\t\t\t\t\t\t\t\t\t\t\t<img decoding=\"async\" src=\"https:\/\/bombastos.de\/wp-content\/uploads\/2024\/02\/file-9Kxmn5ug0G6LvFBD2ZejUrtB.webp\" title=\"file-9Kxmn5ug0G6LvFBD2ZejUrtB\" alt=\"file-9Kxmn5ug0G6LvFBD2ZejUrtB\" loading=\"lazy\" \/>\t\t\t\t\t\t\t\t\t\t\t\t\t\t\t<\/div>\n\t\t\t\t<\/div>\n\t\t\t\t<\/div>\n\t\t<div class=\"elementor-element elementor-element-449026d5 e-con-full e-flex e-con e-child\" data-id=\"449026d5\" data-element_type=\"container\">\n\t\t\t\t<div class=\"elementor-element elementor-element-530e2263 elementor-widget elementor-widget-heading\" data-id=\"530e2263\" data-element_type=\"widget\" data-widget_type=\"heading.default\">\n\t\t\t\t<div class=\"elementor-widget-container\">\n\t\t\t\t\t<h2 class=\"elementor-heading-title elementor-size-default\">Mein Setup<\/h2>\t\t\t\t<\/div>\n\t\t\t\t<\/div>\n\t\t\t\t<div class=\"elementor-element elementor-element-5b4a90a7 elementor-widget elementor-widget-text-editor\" data-id=\"5b4a90a7\" data-element_type=\"widget\" data-widget_type=\"text-editor.default\">\n\t\t\t\t<div class=\"elementor-widget-container\">\n\t\t\t\t\t\t\t\t\t<p><strong><span style=\"text-decoration: underline;\">Gaming \/ Streaming PC:<\/span><\/strong><\/p><p>Prozessor: AMD Ryzen 7 5800X3D<br \/>Mainboard: MSI X570 A-Pro<br \/>Arbeitsspeicher: 32 GB Kingston Fury Beast DDR4 3200 CL16<br \/>Grafikkarte: MSI GeForce RTX 3080 Gaming Z Trio 12GB<br \/>Netzteil: Seasonic Focus GX 750 Watt<br \/>K\u00fchlung: Corsair iCUE H115i ELITE CAPELLIX 360 + 10x Corsair QL L\u00fcfter<br \/>Geh\u00e4use: Corsair 5000D Airflow<\/p><p><span style=\"text-decoration: underline;\"><strong>Streaming Zubeh\u00f6r:<\/strong><\/span><\/p><p>Mikrofon: Elgato Wave:3<br \/>Kamera: Razer Kiyo Pro<br \/>Capture Card: Elgato 4K60 Pro MK.2<br \/>Licht: Amazon LED Keylichter (2x)<br \/>Streamdeck: Elgato Stream Deck<\/p>\t\t\t\t\t\t\t\t<\/div>\n\t\t\t\t<\/div>\n\t\t\t\t<\/div>\n\t\t\t\t\t<\/div>\n\t\t\t\t<\/div>\n\t\t\t\t\t<\/div>\n\t\t\t\t<\/div>\n\t\t\t\t<\/div>\n\t\t","protected":false},"excerpt":{"rendered":"<p>Mein Setup Gaming \/ Streaming PC: Prozessor: AMD Ryzen 7 5800X3DMainboard: MSI X570 A-ProArbeitsspeicher: 32 GB Kingston Fury Beast DDR4 3200 CL16Grafikkarte: MSI GeForce RTX 3080 Gaming Z Trio 12GBNetzteil: Seasonic Focus GX 750 WattK\u00fchlung: Corsair iCUE H115i ELITE CAPELLIX 360 + 10x Corsair QL L\u00fcfterGeh\u00e4use: Corsair 5000D Airflow Streaming Zubeh\u00f6r: Mikrofon: Elgato Wave:3Kamera: Razer [&hellip;]<\/p>\n","protected":false},"author":1,"featured_media":0,"parent":0,"menu_order":0,"comment_status":"closed","ping_status":"closed","template":"","meta":{"footnotes":""},"class_list":["post-278","page","type-page","status-publish","hentry"],"_links":{"self":[{"href":"https:\/\/bombastos.de\/index.php?rest_route=\/wp\/v2\/pages\/278","targetHints":{"allow":["GET"]}}],"collection":[{"href":"https:\/\/bombastos.de\/index.php?rest_route=\/wp\/v2\/pages"}],"about":[{"href":"https:\/\/bombastos.de\/index.php?rest_route=\/wp\/v2\/types\/page"}],"author":[{"embeddable":true,"href":"https:\/\/bombastos.de\/index.php?rest_route=\/wp\/v2\/users\/1"}],"replies":[{"embeddable":true,"href":"https:\/\/bombastos.de\/index.php?rest_route=%2Fwp%2Fv2%2Fcomments&post=278"}],"version-history":[{"count":31,"href":"https:\/\/bombastos.de\/index.php?rest_route=\/wp\/v2\/pages\/278\/revisions"}],"predecessor-version":[{"id":542,"href":"https:\/\/bombastos.de\/index.php?rest_route=\/wp\/v2\/pages\/278\/revisions\/542"}],"wp:attachment":[{"href":"https:\/\/bombastos.de\/index.php?rest_route=%2Fwp%2Fv2%2Fmedia&parent=278"}],"curies":[{"name":"wp","href":"https:\/\/api.w.org\/{rel}","templated":true}]}}