{"id":144,"date":"2024-02-26T22:44:52","date_gmt":"2024-02-26T22:44:52","guid":{"rendered":"https:\/\/www.bombastos.de\/?page_id=144"},"modified":"2024-04-16T17:44:54","modified_gmt":"2024-04-16T17:44:54","slug":"about","status":"publish","type":"page","link":"https:\/\/bombastos.de\/?page_id=144","title":{"rendered":"about"},"content":{"rendered":"\t\t<div data-elementor-type=\"wp-page\" data-elementor-id=\"144\" class=\"elementor elementor-144\" data-elementor-post-type=\"page\">\n\t\t\t\t<div class=\"elementor-element elementor-element-1ccdd7ce e-flex e-con-boxed e-con e-parent\" data-id=\"1ccdd7ce\" data-element_type=\"container\">\n\t\t\t\t\t<div class=\"e-con-inner\">\n\t\t<div class=\"elementor-element elementor-element-795024f4 e-flex e-con-boxed e-con e-child\" data-id=\"795024f4\" data-element_type=\"container\">\n\t\t\t\t\t<div class=\"e-con-inner\">\n\t\t<div class=\"elementor-element elementor-element-1dd6cd47 e-con-full e-flex e-con e-child\" data-id=\"1dd6cd47\" data-element_type=\"container\">\n\t\t\t\t<div class=\"elementor-element elementor-element-76f0df elementor-widget__width-initial elementor-widget elementor-widget-image\" data-id=\"76f0df\" data-element_type=\"widget\" data-widget_type=\"image.default\">\n\t\t\t\t<div class=\"elementor-widget-container\">\n\t\t\t\t\t\t\t\t\t\t\t\t\t\t\t<img decoding=\"async\" src=\"https:\/\/bombastos.de\/wp-content\/uploads\/2024\/02\/IMG_20240224_180433_321.jpg\" title=\"IMG_20240224_180433_321\" alt=\"IMG_20240224_180433_321\" loading=\"lazy\" \/>\t\t\t\t\t\t\t\t\t\t\t\t\t\t\t<\/div>\n\t\t\t\t<\/div>\n\t\t\t\t<\/div>\n\t\t<div class=\"elementor-element elementor-element-47a7f6eb e-con-full e-flex e-con e-child\" data-id=\"47a7f6eb\" data-element_type=\"container\">\n\t\t\t\t<div class=\"elementor-element elementor-element-31f9b93 elementor-widget elementor-widget-heading\" data-id=\"31f9b93\" data-element_type=\"widget\" data-widget_type=\"heading.default\">\n\t\t\t\t<div class=\"elementor-widget-container\">\n\t\t\t\t\t<h2 class=\"elementor-heading-title elementor-size-default\">\u00dcber mich<\/h2>\t\t\t\t<\/div>\n\t\t\t\t<\/div>\n\t\t\t\t<div class=\"elementor-element elementor-element-3f0fbe44 elementor-widget elementor-widget-text-editor\" data-id=\"3f0fbe44\" data-element_type=\"widget\" data-widget_type=\"text-editor.default\">\n\t\t\t\t<div class=\"elementor-widget-container\">\n\t\t\t\t\t\t\t\t\t<p>Mein richtiger Name ist Marco. Der Nickname Bombastos_ entstand aus der Idee meiner Frau <a href=\"http:\/\/twitch.tv\/mochi_Zilla\">Mochi_Zilla<\/a>. Irgendwie kamen wir durch den Bombastus Tee zu diesem Nicknamen und ich fand ihn doch sehr gut \ud83d\ude00<\/p><p>Wie dem auch sei. Ich wohne im sch\u00f6nen Lipperland mit meiner Frau und meiner Tochter.<\/p><p>Ich bin 1989 geboren und momentan noch 34 Jahre jung. Lange nicht mehr, dann kann ich bestimmt Rente beziehen \ud83d\ude00<\/p><p>Im Reallife bin ich bein einem IT-Dienstleister im Au\u00dfendienst t\u00e4tig. Das ist noch ganz frisch seit M\u00e4rz 2024.<\/p><p>Ich zocke schon seit ich ein kleines Kind bin. Fr\u00fcher nach der Schule wurde immer schwer Counterstrike 1.6 gesuchtet!<\/p><p>Bis heute bin ich eher der Shooter spieler. Manchmal dr\u00e4ngeln sich auch Partygames oder Racing Games dazwischen.<\/p><p>\u00a0<\/p><p><span style=\"background-color: transparent; text-align: var(--text-align);\">Das war es erstmal zu meiner Person. Wenn ihr noch Fragen habt, immer her Damit!\u00a0<\/span><\/p>\t\t\t\t\t\t\t\t<\/div>\n\t\t\t\t<\/div>\n\t\t\t\t<\/div>\n\t\t\t\t\t<\/div>\n\t\t\t\t<\/div>\n\t\t\t\t\t<\/div>\n\t\t\t\t<\/div>\n\t\t\t\t<\/div>\n\t\t","protected":false},"excerpt":{"rendered":"<p>\u00dcber mich Mein richtiger Name ist Marco. Der Nickname Bombastos_ entstand aus der Idee meiner Frau Mochi_Zilla. Irgendwie kamen wir durch den Bombastus Tee zu diesem Nicknamen und ich fand ihn doch sehr gut \ud83d\ude00 Wie dem auch sei. Ich wohne im sch\u00f6nen Lipperland mit meiner Frau und meiner Tochter. Ich bin 1989 geboren und [&hellip;]<\/p>\n","protected":false},"author":1,"featured_media":0,"parent":0,"menu_order":0,"comment_status":"closed","ping_status":"closed","template":"","meta":{"footnotes":""},"class_list":["post-144","page","type-page","status-publish","hentry"],"_links":{"self":[{"href":"https:\/\/bombastos.de\/index.php?rest_route=\/wp\/v2\/pages\/144","targetHints":{"allow":["GET"]}}],"collection":[{"href":"https:\/\/bombastos.de\/index.php?rest_route=\/wp\/v2\/pages"}],"about":[{"href":"https:\/\/bombastos.de\/index.php?rest_route=\/wp\/v2\/types\/page"}],"author":[{"embeddable":true,"href":"https:\/\/bombastos.de\/index.php?rest_route=\/wp\/v2\/users\/1"}],"replies":[{"embeddable":true,"href":"https:\/\/bombastos.de\/index.php?rest_route=%2Fwp%2Fv2%2Fcomments&post=144"}],"version-history":[{"count":49,"href":"https:\/\/bombastos.de\/index.php?rest_route=\/wp\/v2\/pages\/144\/revisions"}],"predecessor-version":[{"id":539,"href":"https:\/\/bombastos.de\/index.php?rest_route=\/wp\/v2\/pages\/144\/revisions\/539"}],"wp:attachment":[{"href":"https:\/\/bombastos.de\/index.php?rest_route=%2Fwp%2Fv2%2Fmedia&parent=144"}],"curies":[{"name":"wp","href":"https:\/\/api.w.org\/{rel}","templated":true}]}}